{"id":297,"date":"2021-01-28T12:49:14","date_gmt":"2021-01-28T11:49:14","guid":{"rendered":"http:\/\/anaischarras.com\/?page_id=297"},"modified":"2025-08-06T10:12:31","modified_gmt":"2025-08-06T08:12:31","slug":"a-propos","status":"publish","type":"page","link":"https:\/\/anaischarras.com\/?page_id=297","title":{"rendered":"A propos"},"content":{"rendered":"\n<div class=\"wp-block-columns is-layout-flex wp-container-core-columns-is-layout-1 wp-block-columns-is-layout-flex\">\n<div class=\"wp-block-column is-layout-flow wp-block-column-is-layout-flow\" style=\"flex-basis:100%\">\n<p>Ana\u00efs Charras r\u00e9alise ses premi\u00e8res s\u00e9ries de dessins au crayon graphite sur papier. Elle privil\u00e9gie alors la simplicit\u00e9 de ces mat\u00e9riaux, qu\u2019elle met au service de compositions complexes o\u00f9 la perspective n\u2019a plus ses droits. La d\u00e9couverte de la gravure est pour elle un \u00e9v\u00e9nement fondateur et lib\u00e9rateur. Elle se forme \u00e0 cette technique exigeante aux c\u00f4t\u00e9s de Florence Hinneburg aux Ateliers de la ville de Paris. La grande pr\u00e9cision et le processus rigoureux de cette pratique lui offrent un nouveau champ d\u2019expression aux multiples possibilit\u00e9s.<\/p>\n<\/div>\n<\/div>\n\n\n\n<p>La transition, le passage et la disparition sont autant de fils conducteurs tissant l&#8217;univers de ses travaux. Chaque nouvelle \u0153uvre vient prendre sa place dans une cha\u00eene chronologique, comme les \u00e9pisodes d&#8217;un grand r\u00e9cit. Ses personnages doivent accomplir une s\u00e9rie d&#8217;\u00e9preuves, passer par de nombreux \u00e9tats et conna\u00eetre mille sensations avant d&#8217;\u00eatre autoris\u00e9s \u00e0 passer de l&#8217;autre c\u00f4t\u00e9.&nbsp;<\/p>\n\n\n\n<p>Ana\u00efs Charras est n\u00e9e en 1984 \u00e0 Paris, o\u00f9 elle vit et travaille. Elle est membre du Trait &#8211; Graveurs d&#8217;aujourd&#8217;hui et de la Fondation Taylor.<\/p>\n\n\n\n<figure class=\"wp-block-image size-large is-style-rounded\"><img loading=\"lazy\" decoding=\"async\" width=\"1024\" height=\"768\" src=\"http:\/\/anaischarras.com\/wp-content\/uploads\/2021\/11\/Anais-Charras-3-1024x768.jpg\" alt=\"\" class=\"wp-image-448\" srcset=\"https:\/\/anaischarras.com\/wp-content\/uploads\/2021\/11\/Anais-Charras-3-1024x768.jpg 1024w, https:\/\/anaischarras.com\/wp-content\/uploads\/2021\/11\/Anais-Charras-3-300x225.jpg 300w, https:\/\/anaischarras.com\/wp-content\/uploads\/2021\/11\/Anais-Charras-3-150x113.jpg 150w, https:\/\/anaischarras.com\/wp-content\/uploads\/2021\/11\/Anais-Charras-3-768x576.jpg 768w, https:\/\/anaischarras.com\/wp-content\/uploads\/2021\/11\/Anais-Charras-3-1536x1152.jpg 1536w, https:\/\/anaischarras.com\/wp-content\/uploads\/2021\/11\/Anais-Charras-3-2048x1536.jpg 2048w\" sizes=\"(max-width: 1024px) 100vw, 1024px\" \/><\/figure>\n","protected":false},"excerpt":{"rendered":"<p>Ana\u00efs Charras r\u00e9alise ses premi\u00e8res s\u00e9ries de dessins au crayon graphite sur papier. Elle privil\u00e9gie alors la simplicit\u00e9 de ces mat\u00e9riaux, qu\u2019elle met au service de compositions complexes o\u00f9 la perspective n\u2019a plus ses droits. La d\u00e9couverte de la gravure est pour elle un \u00e9v\u00e9nement fondateur et lib\u00e9rateur. Elle se forme \u00e0 cette technique exigeante [&hellip;]<\/p>\n","protected":false},"author":1,"featured_media":0,"parent":0,"menu_order":0,"comment_status":"closed","ping_status":"closed","template":"","meta":{"footnotes":""},"class_list":["post-297","page","type-page","status-publish","hentry"],"_links":{"self":[{"href":"https:\/\/anaischarras.com\/index.php?rest_route=\/wp\/v2\/pages\/297"}],"collection":[{"href":"https:\/\/anaischarras.com\/index.php?rest_route=\/wp\/v2\/pages"}],"about":[{"href":"https:\/\/anaischarras.com\/index.php?rest_route=\/wp\/v2\/types\/page"}],"author":[{"embeddable":true,"href":"https:\/\/anaischarras.com\/index.php?rest_route=\/wp\/v2\/users\/1"}],"replies":[{"embeddable":true,"href":"https:\/\/anaischarras.com\/index.php?rest_route=%2Fwp%2Fv2%2Fcomments&post=297"}],"version-history":[{"count":6,"href":"https:\/\/anaischarras.com\/index.php?rest_route=\/wp\/v2\/pages\/297\/revisions"}],"predecessor-version":[{"id":888,"href":"https:\/\/anaischarras.com\/index.php?rest_route=\/wp\/v2\/pages\/297\/revisions\/888"}],"wp:attachment":[{"href":"https:\/\/anaischarras.com\/index.php?rest_route=%2Fwp%2Fv2%2Fmedia&parent=297"}],"curies":[{"name":"wp","href":"https:\/\/api.w.org\/{rel}","templated":true}]}}